{"id":27,"date":"2022-08-08T14:40:37","date_gmt":"2022-08-08T14:40:37","guid":{"rendered":"https:\/\/babauziukai.lt\/?page_id=27"},"modified":"2022-08-08T14:44:12","modified_gmt":"2022-08-08T14:44:12","slug":"naujienos","status":"publish","type":"page","link":"https:\/\/babauziukai.lt\/index.php\/naujienos\/","title":{"rendered":"NAUJIENOS"},"content":{"rendered":"<p>[et_pb_section fb_built=&#8221;1&#8243; _builder_version=&#8221;4.17.6&#8243; _module_preset=&#8221;default&#8221; global_colors_info=&#8221;{}&#8221;][et_pb_row _builder_version=&#8221;4.17.6&#8243; _module_preset=&#8221;default&#8221; global_colors_info=&#8221;{}&#8221;][et_pb_column type=&#8221;4_4&#8243; _builder_version=&#8221;4.17.6&#8243; _module_preset=&#8221;default&#8221; global_colors_info=&#8221;{}&#8221;][et_pb_image src=&#8221;https:\/\/babauziukai.lt\/wp-content\/uploads\/2022\/08\/Babauziukai.jpg&#8221; title_text=&#8221;Babauziukai&#8221; _builder_version=&#8221;4.17.6&#8243; _module_preset=&#8221;default&#8221; global_colors_info=&#8221;{}&#8221;][\/et_pb_image][\/et_pb_column][\/et_pb_row][et_pb_row _builder_version=&#8221;4.17.6&#8243; _module_preset=&#8221;default&#8221;][et_pb_column _builder_version=&#8221;4.17.6&#8243; _module_preset=&#8221;default&#8221; type=&#8221;4_4&#8243;][et_pb_text _builder_version=&#8221;4.17.6&#8243; _module_preset=&#8221;default&#8221; hover_enabled=&#8221;0&#8243; sticky_enabled=&#8221;0&#8243; width=&#8221;100%&#8221;]<\/p>\n<h4><strong>M. Rep\u0161ys, T. Vidmantas, D. Virbilait\u0117 ir kiti \u017eym\u016bs Lietuvos \u017emon\u0117s paskolino savo balsus \u201eBabau\u017eiukams\u201d<\/strong><\/h4>\n<p>[\/et_pb_text][\/et_pb_column][\/et_pb_row][et_pb_row column_structure=&#8221;1_2,1_2&#8243; _builder_version=&#8221;4.17.6&#8243; _module_preset=&#8221;default&#8221; global_colors_info=&#8221;{}&#8221;][et_pb_column type=&#8221;1_2&#8243; _builder_version=&#8221;4.17.6&#8243; _module_preset=&#8221;default&#8221; global_colors_info=&#8221;{}&#8221;][et_pb_text _builder_version=&#8221;4.17.6&#8243; _module_preset=&#8221;default&#8221; global_colors_info=&#8221;{}&#8221;]<\/p>\n<p style=\"text-align: justify;\">Re\u017eisierius Tadas Vidmantas rugpj\u016b\u010dio 5 d. pristatys naujausi\u0105 savo k\u016brin\u012f \u2013 animacin\u012f film\u0105 \u201eBabau\u017eiukai: Septynios fantasti\u0161kos istorijos\u201d \u2013 kur\u012f para\u0161\u0117 kartu su \u017emona Lina Vidmante. Tai re\u017eisieriaus pirmasis ilgametra\u017eis animacinis filmas. Jo veik\u0117jus \u012fgarsina tokie \u017einomi Lietuvos<br \/>\u017emon\u0117s, kaip Marius Rep\u0161ys, Donata Virbilait\u0117, Gabriel\u0117 Malinauskait\u0117, Deividas Breiv\u0117, Martyna Gedvilait\u0117, Vainius Sodeika ir kiti. Kurdamas \u201eBabau\u017eiukus\u201d, re\u017eisierius ir pats tapo ne tik filmo k\u016br\u0117ju, bet ir \u012fgarsintoju \u2013 jis savo bals\u0105 paskolino net trims veik\u0117jams. \u201eBabau\u017eiukai\u201d<br \/>yra animacinis filmas visai \u0161eimai apie ma\u017eus, \u012fdomius padar\u0117lius, tyrin\u0117jan\u010dius pasaul\u012f. Kiekvienas babau\u017eiukas yra vis kitoks, turintis po unikali\u0105 savyb\u0119. Tad nat\u016bralu, kad ir balsai veik\u0117jams tur\u0117jo b\u016bti sukurti taip, kad tinkamai \u012fk\u016bnyt\u0173 skirtingus charakterius. Kurdamas filmus T. Vidmantas skiria ypating\u0105 d\u0117mes\u012f garsui. Visgi, animacijos \u012fgarsinimas<br \/>skiriasi nuo \u012fprast\u0173 kino film\u0173. \u010cia veik\u0117j\u0173 balsai tampa viena svarbiausi\u0173 vaidybos priemoni\u0173, o kartais vienas aktorius gali \u012fk\u016bnyti net kelis persona\u017eus, pakeisdamas savo bals\u0105. Filmo \u201eBabau\u017eiukai: Septynios fantasti\u0161kos istorijos\u201d aktori\u0173 atrankai Tadas Vidmantas pasitelk\u0117 socialinius tinklus. Facebook\u2019e re\u017eisierius paskelb\u0117 ie\u0161kantis aktori\u0173 animaciniam filmui:<br \/>\u201eVisiems para\u0161iusiems, kuri\u0173 buvo apie 100, i\u0161siun\u010diau paveiksl\u0117l\u012f su daug skirting\u0173 animacini\u0173 persona\u017e\u0173. Papra\u0161iau kelis i\u0161 j\u0173 arba visus \u012fgarsint taip, kaip aktoriams atrod\u0117 tinkama. Rinkausi tuos aktorius, kurie gal\u0117jo lengvai persik\u016bnyti nuo labai ma\u017eo, mielo persona\u017eo iki monstro.<br \/>Pagal tai, kok\u012f tipa\u017e\u0105 jiems sek\u0117si sukurti lengviausiai, paskirs\u010diau persona\u017eus.\u201d \u0160io animacinio filmo \u012fgarsinimas truko apie tris m\u0117nesius.<br \/>T. Vidmantas pats prisijung\u0117 prie aktori\u0173 gret\u0173 ir \u012fgarsino net tris animacinio filmo \u201eBabau\u017eiukai\u201d veik\u0117jus: Lazer\u012f, Treps\u012f ir Fau Fau. Kiekvienam persona\u017eui reik\u0117jo rasti atitinkam\u0105 bals\u0105:<\/p>\n<p>[\/et_pb_text][\/et_pb_column][et_pb_column type=&#8221;1_2&#8243; _builder_version=&#8221;4.17.6&#8243; _module_preset=&#8221;default&#8221; global_colors_info=&#8221;{}&#8221;][et_pb_image src=&#8221;https:\/\/babauziukai.lt\/wp-content\/uploads\/2022\/08\/Fau-Fau.png&#8221; title_text=&#8221;Fau Fau&#8221; align=&#8221;center&#8221; _builder_version=&#8221;4.17.6&#8243; _module_preset=&#8221;default&#8221; hover_enabled=&#8221;0&#8243; global_colors_info=&#8221;{}&#8221; sticky_enabled=&#8221;0&#8243;][\/et_pb_image][\/et_pb_column][\/et_pb_row][et_pb_row column_structure=&#8221;1_2,1_2&#8243; _builder_version=&#8221;4.17.6&#8243; _module_preset=&#8221;default&#8221; global_colors_info=&#8221;{}&#8221;][et_pb_column type=&#8221;1_2&#8243; _builder_version=&#8221;4.17.6&#8243; _module_preset=&#8221;default&#8221; global_colors_info=&#8221;{}&#8221;][et_pb_image src=&#8221;https:\/\/babauziukai.lt\/wp-content\/uploads\/2022\/08\/Lazeris.png&#8221; title_text=&#8221;Lazeris&#8221; _builder_version=&#8221;4.17.6&#8243; _module_preset=&#8221;default&#8221; global_colors_info=&#8221;{}&#8221;][\/et_pb_image][\/et_pb_column][et_pb_column type=&#8221;1_2&#8243; _builder_version=&#8221;4.17.6&#8243; _module_preset=&#8221;default&#8221; global_colors_info=&#8221;{}&#8221;][et_pb_text _builder_version=&#8221;4.17.6&#8243; _module_preset=&#8221;default&#8221; global_colors_info=&#8221;{}&#8221;]<\/p>\n<p style=\"text-align: justify;\">\u201eLazeris yra labiausiai a\u0161. Trepsio balsui reik\u0117jo kalb\u0117ti labai plonai. Visgi, \u012fdomiausia buvo garsinti babau\u017eiuk\u0119 stilist\u0119 Fau Fau \u2013 su raudonomis l\u016bpomis, sparnais ir trimis kojomis, kurios atrodo, kaip pir\u0161tai. Jos balsas bei kalb\u0117jimo maniera yra toliausiai nuo mano. Paprastai, kuo labiau persona\u017eo skambesys skiriasi nuo aktoriaus originalaus balso, tuo daugiau pastang\u0173 ir energijos reikalauja j\u012f sukurti. Galiausiai, dar tenka kompiuteriu t\u0105 bals\u0105 paauk\u0161tinti arba pa\u017eeminti. Animacijoje visai \u012fprasta, kad vyrai garsina moteri\u0161kus persona\u017eus, o moterys \u2013 vyri\u0161kus. Nedaug kas \u017eino, bet pvz., Bart\u0105 Simpson\u0105 daug met\u0173 garsina moteris, o Lind\u0105 Belcher i\u0161 \u201eBob\u2019s Burgers\u201d\u2013 vyras.\u201d Animacija suteikia galimybes aktoriams pasireik\u0161ti visai kitaip nei vaidybiniai filmai.<\/p>\n<p style=\"text-align: justify;\">\u201eBabau\u017eiukai: Septynios fantasti\u0161kos istorijos\u201d i\u0161girsime, kaip \u017eymiems Lietuvos \u017emon\u0117ms sek\u0117si susitvarkyti su i\u0161\u0161\u016bkiu \u012fk\u016bnijant animacinius persona\u017eus. Filmo k\u016br\u0117jai \u017ei\u016brovus \u012f kino sales, visoje Lietuvoje, kvies nuo rugpj\u016b\u010dio 5 d.<\/p>\n<p>[\/et_pb_text][\/et_pb_column][\/et_pb_row][\/et_pb_section]<\/p>\n","protected":false},"excerpt":{"rendered":"<p>M. Rep\u0161ys, T. Vidmantas, D. Virbilait\u0117 ir kiti \u017eym\u016bs Lietuvos \u017emon\u0117s paskolino savo balsus \u201eBabau\u017eiukams\u201dRe\u017eisierius Tadas Vidmantas rugpj\u016b\u010dio 5 d. pristatys naujausi\u0105 savo k\u016brin\u012f \u2013 animacin\u012f film\u0105 \u201eBabau\u017eiukai: Septynios fantasti\u0161kos istorijos\u201d \u2013 kur\u012f para\u0161\u0117 kartu su \u017emona Lina Vidmante. Tai re\u017eisieriaus pirmasis ilgametra\u017eis animacinis filmas. Jo veik\u0117jus \u012fgarsina tokie \u017einomi Lietuvos\u017emon\u0117s, kaip Marius Rep\u0161ys, Donata [&hellip;]<\/p>\n","protected":false},"author":1,"featured_media":0,"parent":0,"menu_order":0,"comment_status":"closed","ping_status":"closed","template":"","meta":{"_et_pb_use_builder":"on","_et_pb_old_content":"","_et_gb_content_width":"","footnotes":""},"class_list":["post-27","page","type-page","status-publish","hentry"],"yoast_head":"<!-- This site is optimized with the Yoast SEO plugin v26.5 - https:\/\/yoast.com\/wordpress\/plugins\/seo\/ -->\n<title>NAUJIENOS - Babau\u017eiukai<\/title>\n<meta name=\"robots\" content=\"index, follow, max-snippet:-1, max-image-preview:large, max-video-preview:-1\" \/>\n<link rel=\"canonical\" href=\"https:\/\/babauziukai.lt\/index.php\/naujienos\/\" \/>\n<meta property=\"og:locale\" content=\"lt_LT\" \/>\n<meta property=\"og:type\" content=\"article\" \/>\n<meta property=\"og:title\" content=\"NAUJIENOS - Babau\u017eiukai\" \/>\n<meta property=\"og:description\" content=\"M. Rep\u0161ys, T. Vidmantas, D. Virbilait\u0117 ir kiti \u017eym\u016bs Lietuvos \u017emon\u0117s paskolino savo balsus \u201eBabau\u017eiukams\u201dRe\u017eisierius Tadas Vidmantas rugpj\u016b\u010dio 5 d. pristatys naujausi\u0105 savo k\u016brin\u012f \u2013 animacin\u012f film\u0105 \u201eBabau\u017eiukai: Septynios fantasti\u0161kos istorijos\u201d \u2013 kur\u012f para\u0161\u0117 kartu su \u017emona Lina Vidmante. Tai re\u017eisieriaus pirmasis ilgametra\u017eis animacinis filmas. Jo veik\u0117jus \u012fgarsina tokie \u017einomi Lietuvos\u017emon\u0117s, kaip Marius Rep\u0161ys, Donata [&hellip;]\" \/>\n<meta property=\"og:url\" content=\"https:\/\/babauziukai.lt\/index.php\/naujienos\/\" \/>\n<meta property=\"og:site_name\" content=\"Babau\u017eiukai\" \/>\n<meta property=\"article:publisher\" content=\"https:\/\/www.facebook.com\/babauziukai\" \/>\n<meta property=\"article:modified_time\" content=\"2022-08-08T14:44:12+00:00\" \/>\n<meta name=\"twitter:card\" content=\"summary_large_image\" \/>\n<script type=\"application\/ld+json\" class=\"yoast-schema-graph\">{\"@context\":\"https:\/\/schema.org\",\"@graph\":[{\"@type\":\"WebPage\",\"@id\":\"https:\/\/babauziukai.lt\/index.php\/naujienos\/\",\"url\":\"https:\/\/babauziukai.lt\/index.php\/naujienos\/\",\"name\":\"NAUJIENOS - Babau\u017eiukai\",\"isPartOf\":{\"@id\":\"https:\/\/babauziukai.lt\/#website\"},\"datePublished\":\"2022-08-08T14:40:37+00:00\",\"dateModified\":\"2022-08-08T14:44:12+00:00\",\"breadcrumb\":{\"@id\":\"https:\/\/babauziukai.lt\/index.php\/naujienos\/#breadcrumb\"},\"inLanguage\":\"lt-LT\",\"potentialAction\":[{\"@type\":\"ReadAction\",\"target\":[\"https:\/\/babauziukai.lt\/index.php\/naujienos\/\"]}]},{\"@type\":\"BreadcrumbList\",\"@id\":\"https:\/\/babauziukai.lt\/index.php\/naujienos\/#breadcrumb\",\"itemListElement\":[{\"@type\":\"ListItem\",\"position\":1,\"name\":\"Home\",\"item\":\"https:\/\/babauziukai.lt\/\"},{\"@type\":\"ListItem\",\"position\":2,\"name\":\"NAUJIENOS\"}]},{\"@type\":\"WebSite\",\"@id\":\"https:\/\/babauziukai.lt\/#website\",\"url\":\"https:\/\/babauziukai.lt\/\",\"name\":\"Babau\u017eiukai\",\"description\":\"Septynios fantasti\u0161kos istorijos\",\"publisher\":{\"@id\":\"https:\/\/babauziukai.lt\/#organization\"},\"potentialAction\":[{\"@type\":\"SearchAction\",\"target\":{\"@type\":\"EntryPoint\",\"urlTemplate\":\"https:\/\/babauziukai.lt\/?s={search_term_string}\"},\"query-input\":{\"@type\":\"PropertyValueSpecification\",\"valueRequired\":true,\"valueName\":\"search_term_string\"}}],\"inLanguage\":\"lt-LT\"},{\"@type\":\"Organization\",\"@id\":\"https:\/\/babauziukai.lt\/#organization\",\"name\":\"Babauziukai\",\"url\":\"https:\/\/babauziukai.lt\/\",\"logo\":{\"@type\":\"ImageObject\",\"inLanguage\":\"lt-LT\",\"@id\":\"https:\/\/babauziukai.lt\/#\/schema\/logo\/image\/\",\"url\":\"https:\/\/babauziukai.lt\/wp-content\/uploads\/2022\/07\/cropped-VEIDUKAS.png\",\"contentUrl\":\"https:\/\/babauziukai.lt\/wp-content\/uploads\/2022\/07\/cropped-VEIDUKAS.png\",\"width\":512,\"height\":512,\"caption\":\"Babauziukai\"},\"image\":{\"@id\":\"https:\/\/babauziukai.lt\/#\/schema\/logo\/image\/\"},\"sameAs\":[\"https:\/\/www.facebook.com\/babauziukai\",\"https:\/\/www.instagram.com\/babauziukai_filmas\/\"]}]}<\/script>\n<!-- \/ Yoast SEO plugin. -->","yoast_head_json":{"title":"NAUJIENOS - Babau\u017eiukai","robots":{"index":"index","follow":"follow","max-snippet":"max-snippet:-1","max-image-preview":"max-image-preview:large","max-video-preview":"max-video-preview:-1"},"canonical":"https:\/\/babauziukai.lt\/index.php\/naujienos\/","og_locale":"lt_LT","og_type":"article","og_title":"NAUJIENOS - Babau\u017eiukai","og_description":"M. Rep\u0161ys, T. Vidmantas, D. Virbilait\u0117 ir kiti \u017eym\u016bs Lietuvos \u017emon\u0117s paskolino savo balsus \u201eBabau\u017eiukams\u201dRe\u017eisierius Tadas Vidmantas rugpj\u016b\u010dio 5 d. pristatys naujausi\u0105 savo k\u016brin\u012f \u2013 animacin\u012f film\u0105 \u201eBabau\u017eiukai: Septynios fantasti\u0161kos istorijos\u201d \u2013 kur\u012f para\u0161\u0117 kartu su \u017emona Lina Vidmante. Tai re\u017eisieriaus pirmasis ilgametra\u017eis animacinis filmas. Jo veik\u0117jus \u012fgarsina tokie \u017einomi Lietuvos\u017emon\u0117s, kaip Marius Rep\u0161ys, Donata [&hellip;]","og_url":"https:\/\/babauziukai.lt\/index.php\/naujienos\/","og_site_name":"Babau\u017eiukai","article_publisher":"https:\/\/www.facebook.com\/babauziukai","article_modified_time":"2022-08-08T14:44:12+00:00","twitter_card":"summary_large_image","schema":{"@context":"https:\/\/schema.org","@graph":[{"@type":"WebPage","@id":"https:\/\/babauziukai.lt\/index.php\/naujienos\/","url":"https:\/\/babauziukai.lt\/index.php\/naujienos\/","name":"NAUJIENOS - Babau\u017eiukai","isPartOf":{"@id":"https:\/\/babauziukai.lt\/#website"},"datePublished":"2022-08-08T14:40:37+00:00","dateModified":"2022-08-08T14:44:12+00:00","breadcrumb":{"@id":"https:\/\/babauziukai.lt\/index.php\/naujienos\/#breadcrumb"},"inLanguage":"lt-LT","potentialAction":[{"@type":"ReadAction","target":["https:\/\/babauziukai.lt\/index.php\/naujienos\/"]}]},{"@type":"BreadcrumbList","@id":"https:\/\/babauziukai.lt\/index.php\/naujienos\/#breadcrumb","itemListElement":[{"@type":"ListItem","position":1,"name":"Home","item":"https:\/\/babauziukai.lt\/"},{"@type":"ListItem","position":2,"name":"NAUJIENOS"}]},{"@type":"WebSite","@id":"https:\/\/babauziukai.lt\/#website","url":"https:\/\/babauziukai.lt\/","name":"Babau\u017eiukai","description":"Septynios fantasti\u0161kos istorijos","publisher":{"@id":"https:\/\/babauziukai.lt\/#organization"},"potentialAction":[{"@type":"SearchAction","target":{"@type":"EntryPoint","urlTemplate":"https:\/\/babauziukai.lt\/?s={search_term_string}"},"query-input":{"@type":"PropertyValueSpecification","valueRequired":true,"valueName":"search_term_string"}}],"inLanguage":"lt-LT"},{"@type":"Organization","@id":"https:\/\/babauziukai.lt\/#organization","name":"Babauziukai","url":"https:\/\/babauziukai.lt\/","logo":{"@type":"ImageObject","inLanguage":"lt-LT","@id":"https:\/\/babauziukai.lt\/#\/schema\/logo\/image\/","url":"https:\/\/babauziukai.lt\/wp-content\/uploads\/2022\/07\/cropped-VEIDUKAS.png","contentUrl":"https:\/\/babauziukai.lt\/wp-content\/uploads\/2022\/07\/cropped-VEIDUKAS.png","width":512,"height":512,"caption":"Babauziukai"},"image":{"@id":"https:\/\/babauziukai.lt\/#\/schema\/logo\/image\/"},"sameAs":["https:\/\/www.facebook.com\/babauziukai","https:\/\/www.instagram.com\/babauziukai_filmas\/"]}]}},"_links":{"self":[{"href":"https:\/\/babauziukai.lt\/index.php\/wp-json\/wp\/v2\/pages\/27","targetHints":{"allow":["GET"]}}],"collection":[{"href":"https:\/\/babauziukai.lt\/index.php\/wp-json\/wp\/v2\/pages"}],"about":[{"href":"https:\/\/babauziukai.lt\/index.php\/wp-json\/wp\/v2\/types\/page"}],"author":[{"embeddable":true,"href":"https:\/\/babauziukai.lt\/index.php\/wp-json\/wp\/v2\/users\/1"}],"replies":[{"embeddable":true,"href":"https:\/\/babauziukai.lt\/index.php\/wp-json\/wp\/v2\/comments?post=27"}],"version-history":[{"count":4,"href":"https:\/\/babauziukai.lt\/index.php\/wp-json\/wp\/v2\/pages\/27\/revisions"}],"predecessor-version":[{"id":38,"href":"https:\/\/babauziukai.lt\/index.php\/wp-json\/wp\/v2\/pages\/27\/revisions\/38"}],"wp:attachment":[{"href":"https:\/\/babauziukai.lt\/index.php\/wp-json\/wp\/v2\/media?parent=27"}],"curies":[{"name":"wp","href":"https:\/\/api.w.org\/{rel}","templated":true}]}}